{"id":7170,"date":"2023-02-09T09:17:45","date_gmt":"2023-02-09T08:17:45","guid":{"rendered":"https:\/\/castellabistrot.ch\/monte-san-giorgio-a-unesco-world-heritage-site\/"},"modified":"2023-07-28T17:17:11","modified_gmt":"2023-07-28T15:17:11","slug":"monte-san-giorgio-a-unesco-world-heritage-site","status":"publish","type":"page","link":"https:\/\/castellabistrot.ch\/de\/monte-san-giorgio-a-unesco-world-heritage-site\/","title":{"rendered":"Monte San Giorgio, a UNESCO World Heritage Site"},"content":{"rendered":"<section  class=\"DefaultMarginBottomHalf TitoloContainer   TextAlignLeft SiteWidth\">Monte San Giorgio Unesco Park <\/section>\n\n<section  style=\"color:; background-color:\"class=\"BlockWrapperContainer  ParagrafoContainer TextFont30  NoMarginTop NoMarginBottom NoPaddingBottom NoPaddingTop\"><div class=\"InnerParagrafoContainer SiteWidth\">Der Monte San Giorgio ist ein Berg im S\u00fcden des Kantons Tessin, an der Grenze zwischen der Schweiz und Italien. Dank eines der weltweit bedeutendsten Vorkommen von Meeresfossilien und eines interessanten geologischen Gebiets geh\u00f6rt es zum UNESCO-Welterbe.\r\n\r\nDie Faszination dieser vergangenen Welt kann man in unserem Gebiet wiedererleben, bei einem <a href=\"https:\/\/www.fossilienmuseum.ch\/index.html\">Besuch des Fossilienmuseums in Meride<\/a>, des <a href=\"https:\/\/www.parco-archeologico.ch\/de\/\">arch\u00e4ologischen Parks in Tremona<\/a>, auf der Aussichtsterrasse in der <a href=\"http:\/\/www.montesangiorgio.org\/de\/Territorio\/Val-Mara.html\">Val Mara<\/a> und bei die Erkundung der beeindruckenden <a href=\"https:\/\/www.mendrisiottoturismo.ch\/de\/venues\/details\/Cave-di-Arzo\/148545.html\">Arzo-Steinbr\u00fcche<\/a> mit ihrem nat\u00fcrlichen Amphitheater.\r\n\r\nIn der gesamten Region vom Monte San Giorgio verf\u00fcgen Sie \u00fcber ein Netz von Wanderwegen und Routen f\u00fcr <a href=\"https:\/\/www.ticino.ch\/de\/itineraries\/details\/Geo-pal%C3%A4ontologischer-Weg-Monte-San-Giorgio\/138411.html\">Mountainbiker<\/a> , die Sie zur Entdeckung von wunderbaren Aussichten auf Berge und Seen f\u00fchren werden, vor allem auf dem Monte San Giorgio Gipfel (1094 m). Gut ausgeschilderte Wege bringen Sie zum Poncione d&#8217;Arzo, zur Alpe di Brusino und <a href=\"https:\/\/www.serpiano.ch\/de\/seilbahn\/\">Serpiano<\/a>, von wo aus Sie mit der Seilbahn zum Luganersee hinunterfahren k\u00f6nne. In der Region Mendrisiotto, wo sich der Monte San Giorgio erhebt, bewahren die D\u00f6rfer, sowie Tremona, Besazio, Arzo und Meride (Mittelalterliches Dorf, das seit den 70er Jahren unter Naturschutz stehen), in ihrem Kern noch eine authentische Atmosph\u00e4re und erg\u00e4nzen das touristische und kulturelle Angebot auch in Bezug der Gastronomie, mit den typischen Grotti.<\/div><\/section>\n\n<section id=\"flora-fauna\" style=\"background-color:\"class=\"BlockWrapperContainer NormalBlock BlockWrapperGruppoMedia  DefaultMarginTop NoMarginBottom NoPaddingBottom NoPaddingTop FullWidth  NoMargin\"><div class=\"BlockSlider\"><div class=\"BlockSlingleSlide\" style=\"background-image:url(https:\/\/castellabistrot.ch\/wp-content\/uploads\/2023\/02\/flora-1.png)\"><\/div><div class=\"BlockSlingleSlide\" style=\"background-image:url(https:\/\/castellabistrot.ch\/wp-content\/uploads\/2023\/02\/flora-2.png)\"><\/div><div class=\"BlockSlingleSlide\" style=\"background-image:url(https:\/\/castellabistrot.ch\/wp-content\/uploads\/2023\/02\/flora-3.jpg)\"><\/div><\/div>\t\t<div class=\"BlockContent\">\n\t\t\t\t\t\t<div style=\"color:\" class=\"BlockTitolo\">Flora<\/div>\n\t\t\t<div style=\"color:\" class=\"BlockSottotitolo\"><\/div>\n\t\t\t<div style=\"color:\" class=\"BlockText TextFont18\"><p>Der Monte San Giorgio beherbergt eine vielf\u00e4ltige Vegetation mit Kastanien-, Eichen-, Buchen- und Stechpalmenw\u00e4ldern sowie einige gesch\u00fctzte Blumenarten, darunter die piemontesische Gladiole (Gladiolous imbricatus) und die duftende Glockenblume (Adenophora liliifolia), die im Juni\/Juli bl\u00fchen. Der Unterwuchs ist reich an B\u00e4rlauch und Lonchit (eine seltene Farnart), und auch die Vielfalt der Pilze ist bemerkenswert (mehr als 1051 verschiedene Arten wurden gez\u00e4hlt). (foto)<\/p>\n<\/div>\n\t\t\t\t\t\t\t\t<\/div>\n\t\t<\/section>\n\n<section  style=\"background-color:\"class=\"BlockWrapperContainer ReverseBlock BlockWrapperGruppoMedia  NoMarginTop NoMarginBottom NoPaddingBottom NoPaddingTop FullWidth  NoMargin\"><div class=\"BlockSlider\"><div class=\"BlockSlingleSlide\" style=\"background-image:url(https:\/\/castellabistrot.ch\/wp-content\/uploads\/2023\/02\/fauna-1.jpg)\"><\/div><div class=\"BlockSlingleSlide\" style=\"background-image:url(https:\/\/castellabistrot.ch\/wp-content\/uploads\/2023\/02\/fauna-2.jpg)\"><\/div><div class=\"BlockSlingleSlide\" style=\"background-image:url(https:\/\/castellabistrot.ch\/wp-content\/uploads\/2023\/02\/fauna-3.jpg)\"><\/div><\/div>\t\t<div class=\"BlockContent\">\n\t\t\t\t\t\t<div style=\"color:\" class=\"BlockTitolo\">Fauna<\/div>\n\t\t\t<div style=\"color:\" class=\"BlockSottotitolo\"><\/div>\n\t\t\t<div style=\"color:\" class=\"BlockText TextFont18\"><p>Das Naturerbe auf dem Monte San Giorgio ist \u00fcber die Jahre praktisch intakt geblieben. Diese Biodiversit\u00e4t ist der ideale Lebensraum f\u00fcr viele Tierarten. Nicht selten st\u00f6\u00dft man auf die Spuren von Hirschen, Wildschweinen, Rehen und F\u00fcchsen und bewundert den Zauber der Gl\u00fchw\u00fcrmchen in den warmen Juni N\u00e4chten, den Gesang verschiedener V\u00f6gel sowie die Sch\u00f6nheit von Graureiher und Salamander. Ausserdem legt der Lataste-Frosch (eine ausschlie\u00dfliche Art vom S\u00fcdtessin) seine Eier in der N\u00e4he des Wildbachs Gaggiolo ab, der an den H\u00e4ngen des Monte San Giorgio entspringt und sich \u00fcber den Park des Lanza-Tals (Italien) erstreckt.<\/p>\n<\/div>\n\t\t\t\t\t\t\t\t<\/div>\n\t\t<\/section>\n\n\n<section  class=\"BlockWrapperContainer ImmagineTestoImmagine DefaultPaddingTop DefaultPaddingBottom FullWidth   \" style=\"background-color:#f7f0e6;\">\n\n\t<div class=\"ImmagineTestoImmagineCol ImmagineTestoImmagineCol_1\">\n\t\t<img alt=\"Bistrot Ca.Stella-campeggio\"src=\"https:\/\/castellabistrot.ch\/wp-content\/uploads\/2023\/07\/footer_1.jpg\"\/>\n\t<\/div>\n\t<div class=\"ImmagineTestoImmagineCol BlockTestoCol\">\n\t\t<p style=\"text-align: center;\">W\u00e4hle eine <strong>nat\u00fcrliche, regionale K\u00fcche<\/strong><br \/>\nmit null Kilometern im <strong>Gr\u00fcnen<\/strong>:<br \/>\nReserviere einen Tisch!<\/p>\n\t\t<a href=\"https:\/\/castellabistrot.ch\/de\/contattaci\/\" class=\"MainButton\">\n\t\t\tKONTAKTIERE UNS\t\t<\/a>\n\t<\/div>\n\t<div class=\"ImmagineTestoImmagineCol ImmagineTestoImmagineCol_2\">\n\t\t<img decoding=\"async\" alt=\"Bistrot Ca.Stella - Tenda\" src=\"https:\/\/castellabistrot.ch\/wp-content\/uploads\/2023\/07\/Footer_2.jpg\"\/>\n\t<\/div>\n<\/section>","protected":false},"excerpt":{"rendered":"","protected":false},"author":1,"featured_media":765,"parent":0,"menu_order":0,"comment_status":"closed","ping_status":"closed","template":"","meta":{"_acf_changed":false,"footnotes":""},"class_list":["post-7170","page","type-page","status-publish","has-post-thumbnail","hentry"],"acf":[],"yoast_head":"<!-- This site is optimized with the Yoast SEO plugin v27.3 - https:\/\/yoast.com\/product\/yoast-seo-wordpress\/ -->\n<title>Monte San Giorgio, a UNESCO World Heritage Site - Bistrot Ca.Stella<\/title>\n<meta name=\"robots\" content=\"index, follow, max-snippet:-1, max-image-preview:large, max-video-preview:-1\" \/>\n<link rel=\"canonical\" href=\"https:\/\/castellabistrot.ch\/de\/monte-san-giorgio-a-unesco-world-heritage-site\/\" \/>\n<meta property=\"og:locale\" content=\"de_DE\" \/>\n<meta property=\"og:type\" content=\"article\" \/>\n<meta property=\"og:title\" content=\"Monte San Giorgio, a UNESCO World Heritage Site - Bistrot Ca.Stella\" \/>\n<meta property=\"og:url\" content=\"https:\/\/castellabistrot.ch\/de\/monte-san-giorgio-a-unesco-world-heritage-site\/\" \/>\n<meta property=\"og:site_name\" content=\"Bistrot Ca.Stella\" \/>\n<meta property=\"article:modified_time\" content=\"2023-07-28T15:17:11+00:00\" \/>\n<meta property=\"og:image\" content=\"https:\/\/2025-castella-bistrot.mystagingwebsite.com\/wp-content\/uploads\/2023\/02\/Monte-1024x346.png\" \/>\n\t<meta property=\"og:image:width\" content=\"1024\" \/>\n\t<meta property=\"og:image:height\" content=\"346\" \/>\n\t<meta property=\"og:image:type\" content=\"image\/png\" \/>\n<meta name=\"twitter:card\" content=\"summary_large_image\" \/>\n<script type=\"application\/ld+json\" class=\"yoast-schema-graph\">{\"@context\":\"https:\\\/\\\/schema.org\",\"@graph\":[{\"@type\":\"WebPage\",\"@id\":\"https:\\\/\\\/castellabistrot.ch\\\/de\\\/monte-san-giorgio-a-unesco-world-heritage-site\\\/\",\"url\":\"https:\\\/\\\/castellabistrot.ch\\\/de\\\/monte-san-giorgio-a-unesco-world-heritage-site\\\/\",\"name\":\"Monte San Giorgio, a UNESCO World Heritage Site - Bistrot Ca.Stella\",\"isPartOf\":{\"@id\":\"https:\\\/\\\/2025-castella-bistrot.mystagingwebsite.com\\\/#website\"},\"primaryImageOfPage\":{\"@id\":\"https:\\\/\\\/castellabistrot.ch\\\/de\\\/monte-san-giorgio-a-unesco-world-heritage-site\\\/#primaryimage\"},\"image\":{\"@id\":\"https:\\\/\\\/castellabistrot.ch\\\/de\\\/monte-san-giorgio-a-unesco-world-heritage-site\\\/#primaryimage\"},\"thumbnailUrl\":\"https:\\\/\\\/castellabistrot.ch\\\/wp-content\\\/uploads\\\/2023\\\/02\\\/Monte.png\",\"datePublished\":\"2023-02-09T08:17:45+00:00\",\"dateModified\":\"2023-07-28T15:17:11+00:00\",\"breadcrumb\":{\"@id\":\"https:\\\/\\\/castellabistrot.ch\\\/de\\\/monte-san-giorgio-a-unesco-world-heritage-site\\\/#breadcrumb\"},\"inLanguage\":\"de-DE\",\"potentialAction\":[{\"@type\":\"ReadAction\",\"target\":[\"https:\\\/\\\/castellabistrot.ch\\\/de\\\/monte-san-giorgio-a-unesco-world-heritage-site\\\/\"]}]},{\"@type\":\"ImageObject\",\"inLanguage\":\"de-DE\",\"@id\":\"https:\\\/\\\/castellabistrot.ch\\\/de\\\/monte-san-giorgio-a-unesco-world-heritage-site\\\/#primaryimage\",\"url\":\"https:\\\/\\\/castellabistrot.ch\\\/wp-content\\\/uploads\\\/2023\\\/02\\\/Monte.png\",\"contentUrl\":\"https:\\\/\\\/castellabistrot.ch\\\/wp-content\\\/uploads\\\/2023\\\/02\\\/Monte.png\",\"width\":1920,\"height\":649},{\"@type\":\"BreadcrumbList\",\"@id\":\"https:\\\/\\\/castellabistrot.ch\\\/de\\\/monte-san-giorgio-a-unesco-world-heritage-site\\\/#breadcrumb\",\"itemListElement\":[{\"@type\":\"ListItem\",\"position\":1,\"name\":\"Home\",\"item\":\"https:\\\/\\\/2025-castella-bistrot.mystagingwebsite.com\\\/de\\\/\"},{\"@type\":\"ListItem\",\"position\":2,\"name\":\"Monte San Giorgio, a UNESCO World Heritage Site\"}]},{\"@type\":\"WebSite\",\"@id\":\"https:\\\/\\\/2025-castella-bistrot.mystagingwebsite.com\\\/#website\",\"url\":\"https:\\\/\\\/2025-castella-bistrot.mystagingwebsite.com\\\/\",\"name\":\"Bistrot Ca.Stella\",\"description\":\"\",\"publisher\":{\"@id\":\"https:\\\/\\\/2025-castella-bistrot.mystagingwebsite.com\\\/#organization\"},\"potentialAction\":[{\"@type\":\"SearchAction\",\"target\":{\"@type\":\"EntryPoint\",\"urlTemplate\":\"https:\\\/\\\/2025-castella-bistrot.mystagingwebsite.com\\\/?s={search_term_string}\"},\"query-input\":{\"@type\":\"PropertyValueSpecification\",\"valueRequired\":true,\"valueName\":\"search_term_string\"}}],\"inLanguage\":\"de-DE\"},{\"@type\":\"Organization\",\"@id\":\"https:\\\/\\\/2025-castella-bistrot.mystagingwebsite.com\\\/#organization\",\"name\":\"Bistrot Ca.Stella\",\"url\":\"https:\\\/\\\/2025-castella-bistrot.mystagingwebsite.com\\\/\",\"logo\":{\"@type\":\"ImageObject\",\"inLanguage\":\"de-DE\",\"@id\":\"https:\\\/\\\/2025-castella-bistrot.mystagingwebsite.com\\\/#\\\/schema\\\/logo\\\/image\\\/\",\"url\":\"https:\\\/\\\/castellabistrot.ch\\\/wp-content\\\/uploads\\\/2023\\\/02\\\/Screenshot-2023-02-13-alle-08.55.23.png\",\"contentUrl\":\"https:\\\/\\\/castellabistrot.ch\\\/wp-content\\\/uploads\\\/2023\\\/02\\\/Screenshot-2023-02-13-alle-08.55.23.png\",\"width\":510,\"height\":389,\"caption\":\"Bistrot Ca.Stella\"},\"image\":{\"@id\":\"https:\\\/\\\/2025-castella-bistrot.mystagingwebsite.com\\\/#\\\/schema\\\/logo\\\/image\\\/\"}}]}<\/script>\n<!-- \/ Yoast SEO plugin. -->","yoast_head_json":{"title":"Monte San Giorgio, a UNESCO World Heritage Site - Bistrot Ca.Stella","robots":{"index":"index","follow":"follow","max-snippet":"max-snippet:-1","max-image-preview":"max-image-preview:large","max-video-preview":"max-video-preview:-1"},"canonical":"https:\/\/castellabistrot.ch\/de\/monte-san-giorgio-a-unesco-world-heritage-site\/","og_locale":"de_DE","og_type":"article","og_title":"Monte San Giorgio, a UNESCO World Heritage Site - Bistrot Ca.Stella","og_url":"https:\/\/castellabistrot.ch\/de\/monte-san-giorgio-a-unesco-world-heritage-site\/","og_site_name":"Bistrot Ca.Stella","article_modified_time":"2023-07-28T15:17:11+00:00","og_image":[{"width":1024,"height":346,"url":"https:\/\/2025-castella-bistrot.mystagingwebsite.com\/wp-content\/uploads\/2023\/02\/Monte-1024x346.png","type":"image\/png"}],"twitter_card":"summary_large_image","schema":{"@context":"https:\/\/schema.org","@graph":[{"@type":"WebPage","@id":"https:\/\/castellabistrot.ch\/de\/monte-san-giorgio-a-unesco-world-heritage-site\/","url":"https:\/\/castellabistrot.ch\/de\/monte-san-giorgio-a-unesco-world-heritage-site\/","name":"Monte San Giorgio, a UNESCO World Heritage Site - Bistrot Ca.Stella","isPartOf":{"@id":"https:\/\/2025-castella-bistrot.mystagingwebsite.com\/#website"},"primaryImageOfPage":{"@id":"https:\/\/castellabistrot.ch\/de\/monte-san-giorgio-a-unesco-world-heritage-site\/#primaryimage"},"image":{"@id":"https:\/\/castellabistrot.ch\/de\/monte-san-giorgio-a-unesco-world-heritage-site\/#primaryimage"},"thumbnailUrl":"https:\/\/castellabistrot.ch\/wp-content\/uploads\/2023\/02\/Monte.png","datePublished":"2023-02-09T08:17:45+00:00","dateModified":"2023-07-28T15:17:11+00:00","breadcrumb":{"@id":"https:\/\/castellabistrot.ch\/de\/monte-san-giorgio-a-unesco-world-heritage-site\/#breadcrumb"},"inLanguage":"de-DE","potentialAction":[{"@type":"ReadAction","target":["https:\/\/castellabistrot.ch\/de\/monte-san-giorgio-a-unesco-world-heritage-site\/"]}]},{"@type":"ImageObject","inLanguage":"de-DE","@id":"https:\/\/castellabistrot.ch\/de\/monte-san-giorgio-a-unesco-world-heritage-site\/#primaryimage","url":"https:\/\/castellabistrot.ch\/wp-content\/uploads\/2023\/02\/Monte.png","contentUrl":"https:\/\/castellabistrot.ch\/wp-content\/uploads\/2023\/02\/Monte.png","width":1920,"height":649},{"@type":"BreadcrumbList","@id":"https:\/\/castellabistrot.ch\/de\/monte-san-giorgio-a-unesco-world-heritage-site\/#breadcrumb","itemListElement":[{"@type":"ListItem","position":1,"name":"Home","item":"https:\/\/2025-castella-bistrot.mystagingwebsite.com\/de\/"},{"@type":"ListItem","position":2,"name":"Monte San Giorgio, a UNESCO World Heritage Site"}]},{"@type":"WebSite","@id":"https:\/\/2025-castella-bistrot.mystagingwebsite.com\/#website","url":"https:\/\/2025-castella-bistrot.mystagingwebsite.com\/","name":"Bistrot Ca.Stella","description":"","publisher":{"@id":"https:\/\/2025-castella-bistrot.mystagingwebsite.com\/#organization"},"potentialAction":[{"@type":"SearchAction","target":{"@type":"EntryPoint","urlTemplate":"https:\/\/2025-castella-bistrot.mystagingwebsite.com\/?s={search_term_string}"},"query-input":{"@type":"PropertyValueSpecification","valueRequired":true,"valueName":"search_term_string"}}],"inLanguage":"de-DE"},{"@type":"Organization","@id":"https:\/\/2025-castella-bistrot.mystagingwebsite.com\/#organization","name":"Bistrot Ca.Stella","url":"https:\/\/2025-castella-bistrot.mystagingwebsite.com\/","logo":{"@type":"ImageObject","inLanguage":"de-DE","@id":"https:\/\/2025-castella-bistrot.mystagingwebsite.com\/#\/schema\/logo\/image\/","url":"https:\/\/castellabistrot.ch\/wp-content\/uploads\/2023\/02\/Screenshot-2023-02-13-alle-08.55.23.png","contentUrl":"https:\/\/castellabistrot.ch\/wp-content\/uploads\/2023\/02\/Screenshot-2023-02-13-alle-08.55.23.png","width":510,"height":389,"caption":"Bistrot Ca.Stella"},"image":{"@id":"https:\/\/2025-castella-bistrot.mystagingwebsite.com\/#\/schema\/logo\/image\/"}}]}},"jetpack_sharing_enabled":true,"_links":{"self":[{"href":"https:\/\/castellabistrot.ch\/de\/wp-json\/wp\/v2\/pages\/7170","targetHints":{"allow":["GET"]}}],"collection":[{"href":"https:\/\/castellabistrot.ch\/de\/wp-json\/wp\/v2\/pages"}],"about":[{"href":"https:\/\/castellabistrot.ch\/de\/wp-json\/wp\/v2\/types\/page"}],"author":[{"embeddable":true,"href":"https:\/\/castellabistrot.ch\/de\/wp-json\/wp\/v2\/users\/1"}],"replies":[{"embeddable":true,"href":"https:\/\/castellabistrot.ch\/de\/wp-json\/wp\/v2\/comments?post=7170"}],"version-history":[{"count":5,"href":"https:\/\/castellabistrot.ch\/de\/wp-json\/wp\/v2\/pages\/7170\/revisions"}],"predecessor-version":[{"id":7177,"href":"https:\/\/castellabistrot.ch\/de\/wp-json\/wp\/v2\/pages\/7170\/revisions\/7177"}],"wp:featuredmedia":[{"embeddable":true,"href":"https:\/\/castellabistrot.ch\/de\/wp-json\/wp\/v2\/media\/765"}],"wp:attachment":[{"href":"https:\/\/castellabistrot.ch\/de\/wp-json\/wp\/v2\/media?parent=7170"}],"curies":[{"name":"wp","href":"https:\/\/api.w.org\/{rel}","templated":true}]}}