{"id":7014,"date":"2023-02-09T10:45:22","date_gmt":"2023-02-09T09:45:22","guid":{"rendered":"https:\/\/castellabistrot.ch\/sostenibilita\/"},"modified":"2025-08-28T11:28:36","modified_gmt":"2025-08-28T09:28:36","slug":"sostenibilita","status":"publish","type":"page","link":"https:\/\/castellabistrot.ch\/de\/sostenibilita\/","title":{"rendered":"Nachhaltigkeit"},"content":{"rendered":"<section  class=\"DefaultMarginBottomHalf TitoloContainer   TextAlignCenter SiteWidth\">Nachhaltigkeit<\/section>\n\n<section  style=\"color:; background-color:\"class=\"BlockWrapperContainer  ParagrafoContainer TextFont30  NoMarginTop DefaultMarginBottom NoPaddingBottom NoPaddingTop\"><div class=\"InnerParagrafoContainer SiteWidth\"><p style=\"text-align: center;\">Unser Bistrot Ca.Stella auf dem Campingplatz Monte San Giorgio (soziales Unternehmen Ca.Stella &amp; Camping Monte San Giorgio) wurde mit Respekt f\u00fcr Umwelt, die uns umgibt renoviert, indem wir die Nachhaltigkeit in seiner Verwaltung f\u00f6rdern. Holz und Stein aus dem Berg dominieren im Inneren des Bistrots.<\/p>\r\n<p style=\"text-align: center;\">Unsere tiefe Verbindung mit dem Land motiviert uns jeden Tag auf einen konkreten Beitrag zum Schutz unseres Planeten zu leisten. Auch in unserem eigenen kleinen Rahmen k\u00f6nnen wir etwas f\u00fcr die Umwelt tun. Wir wollen ein neues Verst\u00e4ndnis von K\u00fcche und Gastfreundschaft f\u00f6rdern, indem wir unseren Kunden die M\u00f6glichkeit einer aufmerksamen, Nat\u00fcrliche K\u00fcche und einer naturfreundlichen Gastfreundschaft bieten.<\/p><\/div><\/section>\n\n<section  style=\"background-color:\"class=\"BlockWrapperContainer ReverseBlock BlockWrapperGruppoMedia  NoMarginTop NoMarginBottom NoPaddingBottom NoPaddingTop FullWidth  NoMargin\"><div class=\"BlockSlider\"><div class=\"BlockSlingleSlide\" style=\"background-image:url(https:\/\/castellabistrot.ch\/wp-content\/uploads\/2023\/07\/sostenibilita-orto.jpg)\"><\/div><\/div>\t\t<div class=\"BlockContent\">\n\t\t\t\t\t\t<div style=\"color:\" class=\"BlockTitolo\">Regionale und Gartenfrische Zutaten:<\/div>\n\t\t\t<div style=\"color:\" class=\"BlockSottotitolo\"><\/div>\n\t\t\t<div style=\"color:\" class=\"BlockText TextFont18\"><p>Unsere Lieferanten f\u00fcr Rohstoffe stammen haupts\u00e4chlich aus der Umgebung. Neben vorbildlichen Praktiken zur Begrenzung der Umweltauswirkungen f\u00f6rdern wir auch eine weitere Form der Nachhaltigkeit: diejenige gegen\u00fcber unserem Gebiet und den Menschen, die die lokale Tradition pflegen. Das Gem\u00fcse, das wir in unserer K\u00fcche verwenden, stammt, soweit m\u00f6glich, aus unserem eigenen Garten und kommt von Ca.Stella FARM, wo wir nat\u00fcrliche D\u00fcngemittel verwenden, die von unseren Tieren produziert werden, die friedlich auf dem Bauernhof leben.<\/p>\n<\/div>\n\t\t\t\t\t\t\t\t<\/div>\n\t\t<\/section>\n\n<section id=\"blocco-swiss\" style=\"background-color:#ffffff\"class=\"BlockWrapperContainer ReverseBlock BlockWrapperGruppoMedia  NoMarginTop NoMarginBottom NoPaddingBottom NoPaddingTop FullWidth  NoMargin\"><div class=\"BlockSlider\"><div class=\"BlockSlingleSlide\" style=\"background-image:url(https:\/\/castellabistrot.ch\/wp-content\/uploads\/2025\/08\/comune-sero-rifiuti.jpg.jpg)\"><\/div><\/div>\t\t<div class=\"BlockContent\">\n\t\t\t\t\t\t<div style=\"color:#000000\" class=\"BlockTitolo\">Wir sind Swisstainable<\/div>\n\t\t\t<div style=\"color:#000000\" class=\"BlockSottotitolo\"><\/div>\n\t\t\t<div style=\"color:#000000\" class=\"BlockText TextFont18\"><p>Wir sind Teil des Nachhaltigkeitsprogramms Swisstainable und auf Level I \u2013 committed eingestuft. Das Nachhaltigkeitsprogramm Swisstainable vereint Betriebe und Organisationen entlang des gesamten Schweizer Tourismussektors. Mit unserer Teilnahme verpflichten wir uns zu einer kontinuierlichen nachhaltigen Unternehmensentwicklung, verfolgen Massnahmen im Bereich der Nachhaltigkeit und leisten somit einen konkreten Beitrag f\u00fcr einen nachhaltigen Schweizer Tourismus. Mehr zu Swisstainable:\u00a0<a href=\"http:\/\/switzerland.com\/de\/swisstainable\" target=\"_blank\" rel=\"noopener noreferrer\">switzerland.com\/de\/swisstainable<\/a><\/p>\n<\/div>\n\t\t\t\t\t\t\t\t\t\t\t\t\t\t\t\t\t\t\t<a href=\"https:\/\/www.myswitzerland.com\/de-ch\/planung\/ueber-die-schweiz\/nachhaltigkeit\/\" class=\"MainButton MainButtonRosa\">Nachhaltig Reisen<\/a>\n\t\t\t\t\t\t\t\t\t<\/div>\n\t\t<\/section>\n\n\n<section  class=\"BlockWrapperContainer ImmagineTestoImmagine DefaultPaddingTop DefaultPaddingBottom FullWidth   \" style=\"background-color:#f7f0e6;\">\n\n\t<div class=\"ImmagineTestoImmagineCol ImmagineTestoImmagineCol_1\">\n\t\t<img alt=\"Bistrot Ca.Stella-campeggio\"src=\"https:\/\/castellabistrot.ch\/wp-content\/uploads\/2023\/07\/footer_1.jpg\"\/>\n\t<\/div>\n\t<div class=\"ImmagineTestoImmagineCol BlockTestoCol\">\n\t\t<p style=\"text-align: center;\">W\u00e4hle eine <strong>nat\u00fcrliche, regionale K\u00fcche<\/strong><br \/>\nmit null Kilometern im <strong>Gr\u00fcnen<\/strong>:<br \/>\nReserviere einen Tisch!<\/p>\n\t\t<a href=\"https:\/\/castellabistrot.ch\/de\/contattaci\/\" class=\"MainButton\">\n\t\t\tKONTAKTIERE UNS\t\t<\/a>\n\t<\/div>\n\t<div class=\"ImmagineTestoImmagineCol ImmagineTestoImmagineCol_2\">\n\t\t<img decoding=\"async\" alt=\"Bistrot Ca.Stella - Tenda\" src=\"https:\/\/castellabistrot.ch\/wp-content\/uploads\/2023\/07\/Footer_2.jpg\"\/>\n\t<\/div>\n<\/section>","protected":false},"excerpt":{"rendered":"","protected":false},"author":1,"featured_media":6986,"parent":0,"menu_order":0,"comment_status":"closed","ping_status":"closed","template":"","meta":{"_acf_changed":false,"footnotes":""},"class_list":["post-7014","page","type-page","status-publish","has-post-thumbnail","hentry"],"acf":[],"yoast_head":"<!-- This site is optimized with the Yoast SEO plugin v27.3 - https:\/\/yoast.com\/product\/yoast-seo-wordpress\/ -->\n<title>Sostenibilit\u00e0 e Rispetto per l&#039;Ambiente - Ca.Stella Azienda Sociale<\/title>\n<meta name=\"description\" content=\"Ca.Stella, un&#039;azienda sociale che promuove la sostenibilit\u00e0, offrendo ospitalit\u00e0 green e cibo biologico locale. Rispettiamo l&#039;ambiente e contribuiamo alla salvaguardia del pianeta.\" \/>\n<meta name=\"robots\" content=\"index, follow, max-snippet:-1, max-image-preview:large, max-video-preview:-1\" \/>\n<link rel=\"canonical\" href=\"https:\/\/castellabistrot.ch\/de\/sostenibilita\/\" \/>\n<meta property=\"og:locale\" content=\"de_DE\" \/>\n<meta property=\"og:type\" content=\"article\" \/>\n<meta property=\"og:title\" content=\"Sostenibilit\u00e0 e Rispetto per l&#039;Ambiente - Ca.Stella Azienda Sociale\" \/>\n<meta property=\"og:description\" content=\"Ca.Stella, un&#039;azienda sociale che promuove la sostenibilit\u00e0, offrendo ospitalit\u00e0 green e cibo biologico locale. Rispettiamo l&#039;ambiente e contribuiamo alla salvaguardia del pianeta.\" \/>\n<meta property=\"og:url\" content=\"https:\/\/castellabistrot.ch\/de\/sostenibilita\/\" \/>\n<meta property=\"og:site_name\" content=\"Bistrot Ca.Stella\" \/>\n<meta property=\"article:modified_time\" content=\"2025-08-28T09:28:36+00:00\" \/>\n<meta property=\"og:image\" content=\"https:\/\/castellabistrot.ch\/wp-content\/uploads\/2023\/07\/header-sostenibilita.jpg\" \/>\n\t<meta property=\"og:image:width\" content=\"1920\" \/>\n\t<meta property=\"og:image:height\" content=\"649\" \/>\n\t<meta property=\"og:image:type\" content=\"image\/jpeg\" \/>\n<meta name=\"twitter:card\" content=\"summary_large_image\" \/>\n<meta name=\"twitter:title\" content=\"Sostenibilit\u00e0 e Rispetto per l&#039;Ambiente - Ca.Stella Azienda Sociale\" \/>\n<meta name=\"twitter:description\" content=\"Ca.Stella, un&#039;azienda sociale che promuove la sostenibilit\u00e0, offrendo ospitalit\u00e0 green e cibo biologico locale. Rispettiamo l&#039;ambiente e contribuiamo alla salvaguardia del pianeta.\" \/>\n<script type=\"application\/ld+json\" class=\"yoast-schema-graph\">{\"@context\":\"https:\\\/\\\/schema.org\",\"@graph\":[{\"@type\":\"WebPage\",\"@id\":\"https:\\\/\\\/castellabistrot.ch\\\/de\\\/sostenibilita\\\/\",\"url\":\"https:\\\/\\\/castellabistrot.ch\\\/de\\\/sostenibilita\\\/\",\"name\":\"Sostenibilit\u00e0 e Rispetto per l'Ambiente - Ca.Stella Azienda Sociale\",\"isPartOf\":{\"@id\":\"https:\\\/\\\/2025-castella-bistrot.mystagingwebsite.com\\\/#website\"},\"primaryImageOfPage\":{\"@id\":\"https:\\\/\\\/castellabistrot.ch\\\/de\\\/sostenibilita\\\/#primaryimage\"},\"image\":{\"@id\":\"https:\\\/\\\/castellabistrot.ch\\\/de\\\/sostenibilita\\\/#primaryimage\"},\"thumbnailUrl\":\"https:\\\/\\\/castellabistrot.ch\\\/wp-content\\\/uploads\\\/2023\\\/07\\\/header-sostenibilita.jpg\",\"datePublished\":\"2023-02-09T09:45:22+00:00\",\"dateModified\":\"2025-08-28T09:28:36+00:00\",\"description\":\"Ca.Stella, un'azienda sociale che promuove la sostenibilit\u00e0, offrendo ospitalit\u00e0 green e cibo biologico locale. Rispettiamo l'ambiente e contribuiamo alla salvaguardia del pianeta.\",\"breadcrumb\":{\"@id\":\"https:\\\/\\\/castellabistrot.ch\\\/de\\\/sostenibilita\\\/#breadcrumb\"},\"inLanguage\":\"de-DE\",\"potentialAction\":[{\"@type\":\"ReadAction\",\"target\":[\"https:\\\/\\\/castellabistrot.ch\\\/de\\\/sostenibilita\\\/\"]}]},{\"@type\":\"ImageObject\",\"inLanguage\":\"de-DE\",\"@id\":\"https:\\\/\\\/castellabistrot.ch\\\/de\\\/sostenibilita\\\/#primaryimage\",\"url\":\"https:\\\/\\\/castellabistrot.ch\\\/wp-content\\\/uploads\\\/2023\\\/07\\\/header-sostenibilita.jpg\",\"contentUrl\":\"https:\\\/\\\/castellabistrot.ch\\\/wp-content\\\/uploads\\\/2023\\\/07\\\/header-sostenibilita.jpg\",\"width\":1920,\"height\":649},{\"@type\":\"BreadcrumbList\",\"@id\":\"https:\\\/\\\/castellabistrot.ch\\\/de\\\/sostenibilita\\\/#breadcrumb\",\"itemListElement\":[{\"@type\":\"ListItem\",\"position\":1,\"name\":\"Home\",\"item\":\"https:\\\/\\\/2025-castella-bistrot.mystagingwebsite.com\\\/de\\\/\"},{\"@type\":\"ListItem\",\"position\":2,\"name\":\"Nachhaltigkeit\"}]},{\"@type\":\"WebSite\",\"@id\":\"https:\\\/\\\/2025-castella-bistrot.mystagingwebsite.com\\\/#website\",\"url\":\"https:\\\/\\\/2025-castella-bistrot.mystagingwebsite.com\\\/\",\"name\":\"Bistrot Ca.Stella\",\"description\":\"\",\"publisher\":{\"@id\":\"https:\\\/\\\/2025-castella-bistrot.mystagingwebsite.com\\\/#organization\"},\"potentialAction\":[{\"@type\":\"SearchAction\",\"target\":{\"@type\":\"EntryPoint\",\"urlTemplate\":\"https:\\\/\\\/2025-castella-bistrot.mystagingwebsite.com\\\/?s={search_term_string}\"},\"query-input\":{\"@type\":\"PropertyValueSpecification\",\"valueRequired\":true,\"valueName\":\"search_term_string\"}}],\"inLanguage\":\"de-DE\"},{\"@type\":\"Organization\",\"@id\":\"https:\\\/\\\/2025-castella-bistrot.mystagingwebsite.com\\\/#organization\",\"name\":\"Bistrot Ca.Stella\",\"url\":\"https:\\\/\\\/2025-castella-bistrot.mystagingwebsite.com\\\/\",\"logo\":{\"@type\":\"ImageObject\",\"inLanguage\":\"de-DE\",\"@id\":\"https:\\\/\\\/2025-castella-bistrot.mystagingwebsite.com\\\/#\\\/schema\\\/logo\\\/image\\\/\",\"url\":\"https:\\\/\\\/castellabistrot.ch\\\/wp-content\\\/uploads\\\/2023\\\/02\\\/Screenshot-2023-02-13-alle-08.55.23.png\",\"contentUrl\":\"https:\\\/\\\/castellabistrot.ch\\\/wp-content\\\/uploads\\\/2023\\\/02\\\/Screenshot-2023-02-13-alle-08.55.23.png\",\"width\":510,\"height\":389,\"caption\":\"Bistrot Ca.Stella\"},\"image\":{\"@id\":\"https:\\\/\\\/2025-castella-bistrot.mystagingwebsite.com\\\/#\\\/schema\\\/logo\\\/image\\\/\"}}]}<\/script>\n<!-- \/ Yoast SEO plugin. -->","yoast_head_json":{"title":"Sostenibilit\u00e0 e Rispetto per l'Ambiente - Ca.Stella Azienda Sociale","description":"Ca.Stella, un'azienda sociale che promuove la sostenibilit\u00e0, offrendo ospitalit\u00e0 green e cibo biologico locale. Rispettiamo l'ambiente e contribuiamo alla salvaguardia del pianeta.","robots":{"index":"index","follow":"follow","max-snippet":"max-snippet:-1","max-image-preview":"max-image-preview:large","max-video-preview":"max-video-preview:-1"},"canonical":"https:\/\/castellabistrot.ch\/de\/sostenibilita\/","og_locale":"de_DE","og_type":"article","og_title":"Sostenibilit\u00e0 e Rispetto per l'Ambiente - Ca.Stella Azienda Sociale","og_description":"Ca.Stella, un'azienda sociale che promuove la sostenibilit\u00e0, offrendo ospitalit\u00e0 green e cibo biologico locale. Rispettiamo l'ambiente e contribuiamo alla salvaguardia del pianeta.","og_url":"https:\/\/castellabistrot.ch\/de\/sostenibilita\/","og_site_name":"Bistrot Ca.Stella","article_modified_time":"2025-08-28T09:28:36+00:00","og_image":[{"width":1920,"height":649,"url":"https:\/\/castellabistrot.ch\/wp-content\/uploads\/2023\/07\/header-sostenibilita.jpg","type":"image\/jpeg"}],"twitter_card":"summary_large_image","twitter_title":"Sostenibilit\u00e0 e Rispetto per l'Ambiente - Ca.Stella Azienda Sociale","twitter_description":"Ca.Stella, un'azienda sociale che promuove la sostenibilit\u00e0, offrendo ospitalit\u00e0 green e cibo biologico locale. Rispettiamo l'ambiente e contribuiamo alla salvaguardia del pianeta.","schema":{"@context":"https:\/\/schema.org","@graph":[{"@type":"WebPage","@id":"https:\/\/castellabistrot.ch\/de\/sostenibilita\/","url":"https:\/\/castellabistrot.ch\/de\/sostenibilita\/","name":"Sostenibilit\u00e0 e Rispetto per l'Ambiente - Ca.Stella Azienda Sociale","isPartOf":{"@id":"https:\/\/2025-castella-bistrot.mystagingwebsite.com\/#website"},"primaryImageOfPage":{"@id":"https:\/\/castellabistrot.ch\/de\/sostenibilita\/#primaryimage"},"image":{"@id":"https:\/\/castellabistrot.ch\/de\/sostenibilita\/#primaryimage"},"thumbnailUrl":"https:\/\/castellabistrot.ch\/wp-content\/uploads\/2023\/07\/header-sostenibilita.jpg","datePublished":"2023-02-09T09:45:22+00:00","dateModified":"2025-08-28T09:28:36+00:00","description":"Ca.Stella, un'azienda sociale che promuove la sostenibilit\u00e0, offrendo ospitalit\u00e0 green e cibo biologico locale. Rispettiamo l'ambiente e contribuiamo alla salvaguardia del pianeta.","breadcrumb":{"@id":"https:\/\/castellabistrot.ch\/de\/sostenibilita\/#breadcrumb"},"inLanguage":"de-DE","potentialAction":[{"@type":"ReadAction","target":["https:\/\/castellabistrot.ch\/de\/sostenibilita\/"]}]},{"@type":"ImageObject","inLanguage":"de-DE","@id":"https:\/\/castellabistrot.ch\/de\/sostenibilita\/#primaryimage","url":"https:\/\/castellabistrot.ch\/wp-content\/uploads\/2023\/07\/header-sostenibilita.jpg","contentUrl":"https:\/\/castellabistrot.ch\/wp-content\/uploads\/2023\/07\/header-sostenibilita.jpg","width":1920,"height":649},{"@type":"BreadcrumbList","@id":"https:\/\/castellabistrot.ch\/de\/sostenibilita\/#breadcrumb","itemListElement":[{"@type":"ListItem","position":1,"name":"Home","item":"https:\/\/2025-castella-bistrot.mystagingwebsite.com\/de\/"},{"@type":"ListItem","position":2,"name":"Nachhaltigkeit"}]},{"@type":"WebSite","@id":"https:\/\/2025-castella-bistrot.mystagingwebsite.com\/#website","url":"https:\/\/2025-castella-bistrot.mystagingwebsite.com\/","name":"Bistrot Ca.Stella","description":"","publisher":{"@id":"https:\/\/2025-castella-bistrot.mystagingwebsite.com\/#organization"},"potentialAction":[{"@type":"SearchAction","target":{"@type":"EntryPoint","urlTemplate":"https:\/\/2025-castella-bistrot.mystagingwebsite.com\/?s={search_term_string}"},"query-input":{"@type":"PropertyValueSpecification","valueRequired":true,"valueName":"search_term_string"}}],"inLanguage":"de-DE"},{"@type":"Organization","@id":"https:\/\/2025-castella-bistrot.mystagingwebsite.com\/#organization","name":"Bistrot Ca.Stella","url":"https:\/\/2025-castella-bistrot.mystagingwebsite.com\/","logo":{"@type":"ImageObject","inLanguage":"de-DE","@id":"https:\/\/2025-castella-bistrot.mystagingwebsite.com\/#\/schema\/logo\/image\/","url":"https:\/\/castellabistrot.ch\/wp-content\/uploads\/2023\/02\/Screenshot-2023-02-13-alle-08.55.23.png","contentUrl":"https:\/\/castellabistrot.ch\/wp-content\/uploads\/2023\/02\/Screenshot-2023-02-13-alle-08.55.23.png","width":510,"height":389,"caption":"Bistrot Ca.Stella"},"image":{"@id":"https:\/\/2025-castella-bistrot.mystagingwebsite.com\/#\/schema\/logo\/image\/"}}]}},"jetpack_sharing_enabled":true,"_links":{"self":[{"href":"https:\/\/castellabistrot.ch\/de\/wp-json\/wp\/v2\/pages\/7014","targetHints":{"allow":["GET"]}}],"collection":[{"href":"https:\/\/castellabistrot.ch\/de\/wp-json\/wp\/v2\/pages"}],"about":[{"href":"https:\/\/castellabistrot.ch\/de\/wp-json\/wp\/v2\/types\/page"}],"author":[{"embeddable":true,"href":"https:\/\/castellabistrot.ch\/de\/wp-json\/wp\/v2\/users\/1"}],"replies":[{"embeddable":true,"href":"https:\/\/castellabistrot.ch\/de\/wp-json\/wp\/v2\/comments?post=7014"}],"version-history":[{"count":3,"href":"https:\/\/castellabistrot.ch\/de\/wp-json\/wp\/v2\/pages\/7014\/revisions"}],"predecessor-version":[{"id":11340,"href":"https:\/\/castellabistrot.ch\/de\/wp-json\/wp\/v2\/pages\/7014\/revisions\/11340"}],"wp:featuredmedia":[{"embeddable":true,"href":"https:\/\/castellabistrot.ch\/de\/wp-json\/wp\/v2\/media\/6986"}],"wp:attachment":[{"href":"https:\/\/castellabistrot.ch\/de\/wp-json\/wp\/v2\/media?parent=7014"}],"curies":[{"name":"wp","href":"https:\/\/api.w.org\/{rel}","templated":true}]}}