{"id":6941,"date":"2023-07-10T13:46:40","date_gmt":"2023-07-10T11:46:40","guid":{"rendered":"https:\/\/castellabistrot.ch\/prodotti-a-km-0\/"},"modified":"2023-07-27T17:55:41","modified_gmt":"2023-07-27T15:55:41","slug":"materie-prime","status":"publish","type":"page","link":"https:\/\/castellabistrot.ch\/de\/materie-prime\/","title":{"rendered":"Materie Prime"},"content":{"rendered":"<section  class=\"DefaultMarginBottomHalf TitoloContainer   TextAlignLeft SiteWidth\">Rohstoffe <\/section>\n\n<section  style=\"color:; background-color:\"class=\"BlockWrapperContainer  ParagrafoContainer TextFont30  NoMarginTop DefaultMarginBottom100 NoPaddingBottom NoPaddingTop\"><div class=\"InnerParagrafoContainer SiteWidth\">Unsere Rohstofflieferanten kommen haupts\u00e4chlich aus der Region. Neben konkrete Praktiken zur Begrenzung der Auswirkungen auf die Umwelt f\u00f6rdern wir auch eine weitere Form der Nachhaltigkeit:  die gegen\u00fcber unserem Gebiet und den Menschen, die die lokale Tradition weiterf\u00fchren.\r\n\r\nWenn m\u00f6glich werden die Gem\u00fcse, die wir in unserer K\u00fcche verwenden, von uns produziert und sie kommen von Ca.Stella FARM, wo wir Naturd\u00fcnger verwenden, die von unseren Tieren kommen, die friedlich auf dem Hof leben.<\/div><\/section>\n\n<section  class=\"BlockWrapperContainer ImmagineContainer  NoMarginTop NoMarginBottom NoPaddingBottom NoPaddingTop\" style=\"background-image:url(https:\/\/castellabistrot.ch\/wp-content\/uploads\/2023\/07\/img-bimbo.png)\" data-aos=\"\"><\/section>\n\n\n<section  class=\"BlockWrapperContainer ImmagineTestoImmagine DefaultPaddingTop DefaultPaddingBottom FullWidth NoMarginBottom NoMarginTop \" style=\"background-color:;\">\n\n\t<div class=\"ImmagineTestoImmagineCol ImmagineTestoImmagineCol_1\">\n\t\t<img alt=\"Bistrot Ca.Stella-campeggio\"src=\"https:\/\/castellabistrot.ch\/wp-content\/uploads\/2023\/07\/footer_1.jpg\"\/>\n\t<\/div>\n\t<div class=\"ImmagineTestoImmagineCol BlockTestoCol\">\n\t\t<p style=\"text-align: center;\">W\u00e4hle eine <strong>nat\u00fcrliche, regionale K\u00fcche<\/strong><br \/>\nmit null Kilometern im <strong>Gr\u00fcnen<\/strong>:<br \/>\nReserviere einen Tisch!<\/p>\n\t\t<a href=\"https:\/\/castellabistrot.ch\/de\/contattaci\/\" class=\"MainButton\">\n\t\t\tKONTAKTIERE UNS\t\t<\/a>\n\t<\/div>\n\t<div class=\"ImmagineTestoImmagineCol ImmagineTestoImmagineCol_2\">\n\t\t<img decoding=\"async\" alt=\"Bistrot Ca.Stella - Tenda\" src=\"https:\/\/castellabistrot.ch\/wp-content\/uploads\/2023\/07\/Footer_2.jpg\"\/>\n\t<\/div>\n<\/section>","protected":false},"excerpt":{"rendered":"","protected":false},"author":1,"featured_media":6874,"parent":0,"menu_order":0,"comment_status":"closed","ping_status":"closed","template":"","meta":{"_acf_changed":false,"footnotes":""},"class_list":["post-6941","page","type-page","status-publish","has-post-thumbnail","hentry"],"acf":[],"yoast_head":"<!-- This site is optimized with the Yoast SEO plugin v27.3 - https:\/\/yoast.com\/product\/yoast-seo-wordpress\/ -->\n<title>Lokale und Eigene Garten Zutaten: Nachhaltigkeit vom Feinsten!<\/title>\n<meta name=\"description\" content=\"Entdecken Sie Nachhaltigkeit auf Ihrem Teller! Wir verwenden lokale Zutaten und Gem\u00fcse aus unserem eigenen Garten bei Ca.Stella FARM und f\u00f6rdern damit die Harmonie mit der Umwelt und lokaler Tradition. Genie\u00dfen Sie die authentischen und nachhaltigen Aromen, die unsere kulinarischen K\u00f6stlichkeiten auszeichnen.\" \/>\n<meta name=\"robots\" content=\"index, follow, max-snippet:-1, max-image-preview:large, max-video-preview:-1\" \/>\n<link rel=\"canonical\" href=\"https:\/\/castellabistrot.ch\/de\/materie-prime\/\" \/>\n<meta property=\"og:locale\" content=\"de_DE\" \/>\n<meta property=\"og:type\" content=\"article\" \/>\n<meta property=\"og:title\" content=\"Lokale und Eigene Garten Zutaten: Nachhaltigkeit vom Feinsten!\" \/>\n<meta property=\"og:description\" content=\"Entdecken Sie Nachhaltigkeit auf Ihrem Teller! Wir verwenden lokale Zutaten und Gem\u00fcse aus unserem eigenen Garten bei Ca.Stella FARM und f\u00f6rdern damit die Harmonie mit der Umwelt und lokaler Tradition. Genie\u00dfen Sie die authentischen und nachhaltigen Aromen, die unsere kulinarischen K\u00f6stlichkeiten auszeichnen.\" \/>\n<meta property=\"og:url\" content=\"https:\/\/castellabistrot.ch\/de\/materie-prime\/\" \/>\n<meta property=\"og:site_name\" content=\"Bistrot Ca.Stella\" \/>\n<meta property=\"article:modified_time\" content=\"2023-07-27T15:55:41+00:00\" \/>\n<meta property=\"og:image\" content=\"https:\/\/2025-castella-bistrot.mystagingwebsite.com\/wp-content\/uploads\/2023\/07\/header-prodottikmzero-2-1024x346.png\" \/>\n\t<meta property=\"og:image:width\" content=\"1024\" \/>\n\t<meta property=\"og:image:height\" content=\"346\" \/>\n\t<meta property=\"og:image:type\" content=\"image\/png\" \/>\n<meta name=\"twitter:card\" content=\"summary_large_image\" \/>\n<meta name=\"twitter:title\" content=\"Lokale und Eigene Garten Zutaten: Nachhaltigkeit vom Feinsten!\" \/>\n<meta name=\"twitter:description\" content=\"Entdecken Sie Nachhaltigkeit auf Ihrem Teller! Wir verwenden lokale Zutaten und Gem\u00fcse aus unserem eigenen Garten bei Ca.Stella FARM und f\u00f6rdern damit die Harmonie mit der Umwelt und lokaler Tradition. Genie\u00dfen Sie die authentischen und nachhaltigen Aromen, die unsere kulinarischen K\u00f6stlichkeiten auszeichnen.\" \/>\n<script type=\"application\/ld+json\" class=\"yoast-schema-graph\">{\"@context\":\"https:\\\/\\\/schema.org\",\"@graph\":[{\"@type\":\"WebPage\",\"@id\":\"https:\\\/\\\/castellabistrot.ch\\\/de\\\/materie-prime\\\/\",\"url\":\"https:\\\/\\\/castellabistrot.ch\\\/de\\\/materie-prime\\\/\",\"name\":\"Lokale und Eigene Garten Zutaten: Nachhaltigkeit vom Feinsten!\",\"isPartOf\":{\"@id\":\"https:\\\/\\\/2025-castella-bistrot.mystagingwebsite.com\\\/#website\"},\"primaryImageOfPage\":{\"@id\":\"https:\\\/\\\/castellabistrot.ch\\\/de\\\/materie-prime\\\/#primaryimage\"},\"image\":{\"@id\":\"https:\\\/\\\/castellabistrot.ch\\\/de\\\/materie-prime\\\/#primaryimage\"},\"thumbnailUrl\":\"https:\\\/\\\/castellabistrot.ch\\\/wp-content\\\/uploads\\\/2023\\\/07\\\/header-prodottikmzero-2.png\",\"datePublished\":\"2023-07-10T11:46:40+00:00\",\"dateModified\":\"2023-07-27T15:55:41+00:00\",\"description\":\"Entdecken Sie Nachhaltigkeit auf Ihrem Teller! Wir verwenden lokale Zutaten und Gem\u00fcse aus unserem eigenen Garten bei Ca.Stella FARM und f\u00f6rdern damit die Harmonie mit der Umwelt und lokaler Tradition. Genie\u00dfen Sie die authentischen und nachhaltigen Aromen, die unsere kulinarischen K\u00f6stlichkeiten auszeichnen.\",\"breadcrumb\":{\"@id\":\"https:\\\/\\\/castellabistrot.ch\\\/de\\\/materie-prime\\\/#breadcrumb\"},\"inLanguage\":\"de-DE\",\"potentialAction\":[{\"@type\":\"ReadAction\",\"target\":[\"https:\\\/\\\/castellabistrot.ch\\\/de\\\/materie-prime\\\/\"]}]},{\"@type\":\"ImageObject\",\"inLanguage\":\"de-DE\",\"@id\":\"https:\\\/\\\/castellabistrot.ch\\\/de\\\/materie-prime\\\/#primaryimage\",\"url\":\"https:\\\/\\\/castellabistrot.ch\\\/wp-content\\\/uploads\\\/2023\\\/07\\\/header-prodottikmzero-2.png\",\"contentUrl\":\"https:\\\/\\\/castellabistrot.ch\\\/wp-content\\\/uploads\\\/2023\\\/07\\\/header-prodottikmzero-2.png\",\"width\":1920,\"height\":649},{\"@type\":\"BreadcrumbList\",\"@id\":\"https:\\\/\\\/castellabistrot.ch\\\/de\\\/materie-prime\\\/#breadcrumb\",\"itemListElement\":[{\"@type\":\"ListItem\",\"position\":1,\"name\":\"Home\",\"item\":\"https:\\\/\\\/2025-castella-bistrot.mystagingwebsite.com\\\/de\\\/\"},{\"@type\":\"ListItem\",\"position\":2,\"name\":\"Materie Prime\"}]},{\"@type\":\"WebSite\",\"@id\":\"https:\\\/\\\/2025-castella-bistrot.mystagingwebsite.com\\\/#website\",\"url\":\"https:\\\/\\\/2025-castella-bistrot.mystagingwebsite.com\\\/\",\"name\":\"Bistrot Ca.Stella\",\"description\":\"\",\"publisher\":{\"@id\":\"https:\\\/\\\/2025-castella-bistrot.mystagingwebsite.com\\\/#organization\"},\"potentialAction\":[{\"@type\":\"SearchAction\",\"target\":{\"@type\":\"EntryPoint\",\"urlTemplate\":\"https:\\\/\\\/2025-castella-bistrot.mystagingwebsite.com\\\/?s={search_term_string}\"},\"query-input\":{\"@type\":\"PropertyValueSpecification\",\"valueRequired\":true,\"valueName\":\"search_term_string\"}}],\"inLanguage\":\"de-DE\"},{\"@type\":\"Organization\",\"@id\":\"https:\\\/\\\/2025-castella-bistrot.mystagingwebsite.com\\\/#organization\",\"name\":\"Bistrot Ca.Stella\",\"url\":\"https:\\\/\\\/2025-castella-bistrot.mystagingwebsite.com\\\/\",\"logo\":{\"@type\":\"ImageObject\",\"inLanguage\":\"de-DE\",\"@id\":\"https:\\\/\\\/2025-castella-bistrot.mystagingwebsite.com\\\/#\\\/schema\\\/logo\\\/image\\\/\",\"url\":\"https:\\\/\\\/castellabistrot.ch\\\/wp-content\\\/uploads\\\/2023\\\/02\\\/Screenshot-2023-02-13-alle-08.55.23.png\",\"contentUrl\":\"https:\\\/\\\/castellabistrot.ch\\\/wp-content\\\/uploads\\\/2023\\\/02\\\/Screenshot-2023-02-13-alle-08.55.23.png\",\"width\":510,\"height\":389,\"caption\":\"Bistrot Ca.Stella\"},\"image\":{\"@id\":\"https:\\\/\\\/2025-castella-bistrot.mystagingwebsite.com\\\/#\\\/schema\\\/logo\\\/image\\\/\"}}]}<\/script>\n<!-- \/ Yoast SEO plugin. -->","yoast_head_json":{"title":"Lokale und Eigene Garten Zutaten: Nachhaltigkeit vom Feinsten!","description":"Entdecken Sie Nachhaltigkeit auf Ihrem Teller! Wir verwenden lokale Zutaten und Gem\u00fcse aus unserem eigenen Garten bei Ca.Stella FARM und f\u00f6rdern damit die Harmonie mit der Umwelt und lokaler Tradition. Genie\u00dfen Sie die authentischen und nachhaltigen Aromen, die unsere kulinarischen K\u00f6stlichkeiten auszeichnen.","robots":{"index":"index","follow":"follow","max-snippet":"max-snippet:-1","max-image-preview":"max-image-preview:large","max-video-preview":"max-video-preview:-1"},"canonical":"https:\/\/castellabistrot.ch\/de\/materie-prime\/","og_locale":"de_DE","og_type":"article","og_title":"Lokale und Eigene Garten Zutaten: Nachhaltigkeit vom Feinsten!","og_description":"Entdecken Sie Nachhaltigkeit auf Ihrem Teller! Wir verwenden lokale Zutaten und Gem\u00fcse aus unserem eigenen Garten bei Ca.Stella FARM und f\u00f6rdern damit die Harmonie mit der Umwelt und lokaler Tradition. Genie\u00dfen Sie die authentischen und nachhaltigen Aromen, die unsere kulinarischen K\u00f6stlichkeiten auszeichnen.","og_url":"https:\/\/castellabistrot.ch\/de\/materie-prime\/","og_site_name":"Bistrot Ca.Stella","article_modified_time":"2023-07-27T15:55:41+00:00","og_image":[{"width":1024,"height":346,"url":"https:\/\/2025-castella-bistrot.mystagingwebsite.com\/wp-content\/uploads\/2023\/07\/header-prodottikmzero-2-1024x346.png","type":"image\/png"}],"twitter_card":"summary_large_image","twitter_title":"Lokale und Eigene Garten Zutaten: Nachhaltigkeit vom Feinsten!","twitter_description":"Entdecken Sie Nachhaltigkeit auf Ihrem Teller! Wir verwenden lokale Zutaten und Gem\u00fcse aus unserem eigenen Garten bei Ca.Stella FARM und f\u00f6rdern damit die Harmonie mit der Umwelt und lokaler Tradition. Genie\u00dfen Sie die authentischen und nachhaltigen Aromen, die unsere kulinarischen K\u00f6stlichkeiten auszeichnen.","schema":{"@context":"https:\/\/schema.org","@graph":[{"@type":"WebPage","@id":"https:\/\/castellabistrot.ch\/de\/materie-prime\/","url":"https:\/\/castellabistrot.ch\/de\/materie-prime\/","name":"Lokale und Eigene Garten Zutaten: Nachhaltigkeit vom Feinsten!","isPartOf":{"@id":"https:\/\/2025-castella-bistrot.mystagingwebsite.com\/#website"},"primaryImageOfPage":{"@id":"https:\/\/castellabistrot.ch\/de\/materie-prime\/#primaryimage"},"image":{"@id":"https:\/\/castellabistrot.ch\/de\/materie-prime\/#primaryimage"},"thumbnailUrl":"https:\/\/castellabistrot.ch\/wp-content\/uploads\/2023\/07\/header-prodottikmzero-2.png","datePublished":"2023-07-10T11:46:40+00:00","dateModified":"2023-07-27T15:55:41+00:00","description":"Entdecken Sie Nachhaltigkeit auf Ihrem Teller! Wir verwenden lokale Zutaten und Gem\u00fcse aus unserem eigenen Garten bei Ca.Stella FARM und f\u00f6rdern damit die Harmonie mit der Umwelt und lokaler Tradition. Genie\u00dfen Sie die authentischen und nachhaltigen Aromen, die unsere kulinarischen K\u00f6stlichkeiten auszeichnen.","breadcrumb":{"@id":"https:\/\/castellabistrot.ch\/de\/materie-prime\/#breadcrumb"},"inLanguage":"de-DE","potentialAction":[{"@type":"ReadAction","target":["https:\/\/castellabistrot.ch\/de\/materie-prime\/"]}]},{"@type":"ImageObject","inLanguage":"de-DE","@id":"https:\/\/castellabistrot.ch\/de\/materie-prime\/#primaryimage","url":"https:\/\/castellabistrot.ch\/wp-content\/uploads\/2023\/07\/header-prodottikmzero-2.png","contentUrl":"https:\/\/castellabistrot.ch\/wp-content\/uploads\/2023\/07\/header-prodottikmzero-2.png","width":1920,"height":649},{"@type":"BreadcrumbList","@id":"https:\/\/castellabistrot.ch\/de\/materie-prime\/#breadcrumb","itemListElement":[{"@type":"ListItem","position":1,"name":"Home","item":"https:\/\/2025-castella-bistrot.mystagingwebsite.com\/de\/"},{"@type":"ListItem","position":2,"name":"Materie Prime"}]},{"@type":"WebSite","@id":"https:\/\/2025-castella-bistrot.mystagingwebsite.com\/#website","url":"https:\/\/2025-castella-bistrot.mystagingwebsite.com\/","name":"Bistrot Ca.Stella","description":"","publisher":{"@id":"https:\/\/2025-castella-bistrot.mystagingwebsite.com\/#organization"},"potentialAction":[{"@type":"SearchAction","target":{"@type":"EntryPoint","urlTemplate":"https:\/\/2025-castella-bistrot.mystagingwebsite.com\/?s={search_term_string}"},"query-input":{"@type":"PropertyValueSpecification","valueRequired":true,"valueName":"search_term_string"}}],"inLanguage":"de-DE"},{"@type":"Organization","@id":"https:\/\/2025-castella-bistrot.mystagingwebsite.com\/#organization","name":"Bistrot Ca.Stella","url":"https:\/\/2025-castella-bistrot.mystagingwebsite.com\/","logo":{"@type":"ImageObject","inLanguage":"de-DE","@id":"https:\/\/2025-castella-bistrot.mystagingwebsite.com\/#\/schema\/logo\/image\/","url":"https:\/\/castellabistrot.ch\/wp-content\/uploads\/2023\/02\/Screenshot-2023-02-13-alle-08.55.23.png","contentUrl":"https:\/\/castellabistrot.ch\/wp-content\/uploads\/2023\/02\/Screenshot-2023-02-13-alle-08.55.23.png","width":510,"height":389,"caption":"Bistrot Ca.Stella"},"image":{"@id":"https:\/\/2025-castella-bistrot.mystagingwebsite.com\/#\/schema\/logo\/image\/"}}]}},"jetpack_sharing_enabled":true,"_links":{"self":[{"href":"https:\/\/castellabistrot.ch\/de\/wp-json\/wp\/v2\/pages\/6941","targetHints":{"allow":["GET"]}}],"collection":[{"href":"https:\/\/castellabistrot.ch\/de\/wp-json\/wp\/v2\/pages"}],"about":[{"href":"https:\/\/castellabistrot.ch\/de\/wp-json\/wp\/v2\/types\/page"}],"author":[{"embeddable":true,"href":"https:\/\/castellabistrot.ch\/de\/wp-json\/wp\/v2\/users\/1"}],"replies":[{"embeddable":true,"href":"https:\/\/castellabistrot.ch\/de\/wp-json\/wp\/v2\/comments?post=6941"}],"version-history":[{"count":4,"href":"https:\/\/castellabistrot.ch\/de\/wp-json\/wp\/v2\/pages\/6941\/revisions"}],"predecessor-version":[{"id":6948,"href":"https:\/\/castellabistrot.ch\/de\/wp-json\/wp\/v2\/pages\/6941\/revisions\/6948"}],"wp:featuredmedia":[{"embeddable":true,"href":"https:\/\/castellabistrot.ch\/de\/wp-json\/wp\/v2\/media\/6874"}],"wp:attachment":[{"href":"https:\/\/castellabistrot.ch\/de\/wp-json\/wp\/v2\/media?parent=6941"}],"curies":[{"name":"wp","href":"https:\/\/api.w.org\/{rel}","templated":true}]}}